{"id":2367,"date":"2018-06-13T13:04:09","date_gmt":"2018-06-13T12:04:09","guid":{"rendered":"https:\/\/www.chateau-martragny.com\/?page_id=2367"},"modified":"2020-10-14T14:09:06","modified_gmt":"2020-10-14T13:09:06","slug":"rechtliche-informationen","status":"publish","type":"page","link":"https:\/\/www.chateau-martragny.com\/de\/rechtliche-informationen\/","title":{"rendered":"Rechtliche Informationen"},"content":{"rendered":"<p><div class=\"fusion-fullwidth fullwidth-box fusion-builder-row-1 fusion-flex-container nonhundred-percent-fullwidth non-hundred-percent-height-scrolling\" style=\"--awb-border-radius-top-left:0px;--awb-border-radius-top-right:0px;--awb-border-radius-bottom-right:0px;--awb-border-radius-bottom-left:0px;--awb-flex-wrap:wrap;\" ><div class=\"fusion-builder-row fusion-row fusion-flex-align-items-flex-start fusion-flex-content-wrap\" style=\"max-width:calc( 1160px + 0px );margin-left: calc(-0px \/ 2 );margin-right: calc(-0px \/ 2 );\"><div class=\"fusion-layout-column fusion_builder_column fusion-builder-column-0 fusion_builder_column_1_1 1_1 fusion-flex-column\" style=\"--awb-bg-size:cover;--awb-width-large:100%;--awb-margin-top-large:0px;--awb-spacing-right-large:0px;--awb-margin-bottom-large:0px;--awb-spacing-left-large:0px;--awb-width-medium:100%;--awb-spacing-right-medium:0px;--awb-spacing-left-medium:0px;--awb-width-small:100%;--awb-spacing-right-small:0px;--awb-spacing-left-small:0px;\"><div class=\"fusion-column-wrapper fusion-flex-justify-content-flex-start fusion-content-layout-column\"><div class=\"fusion-title title fusion-title-1 fusion-sep-none fusion-title-center fusion-title-text fusion-title-size-one\"><h1 class=\"fusion-title-heading title-heading-center fusion-responsive-typography-calculated\" style=\"margin:0;--fontSize:50;line-height:1.26;\"><p style=\"text-align: center;\"><span style=\"color: #6d87a8;\">Rechtliche Informationen<\/span><\/p><\/h1><\/div><\/div><\/div><\/div><\/div><div class=\"fusion-fullwidth fullwidth-box fusion-builder-row-2 fusion-flex-container nonhundred-percent-fullwidth non-hundred-percent-height-scrolling\" style=\"--awb-border-radius-top-left:0px;--awb-border-radius-top-right:0px;--awb-border-radius-bottom-right:0px;--awb-border-radius-bottom-left:0px;--awb-flex-wrap:wrap;\" ><div class=\"fusion-builder-row fusion-row fusion-flex-align-items-flex-start fusion-flex-content-wrap\" style=\"max-width:calc( 1160px + 0px );margin-left: calc(-0px \/ 2 );margin-right: calc(-0px \/ 2 );\"><div class=\"fusion-layout-column fusion_builder_column fusion-builder-column-1 fusion_builder_column_1_1 1_1 fusion-flex-column\" style=\"--awb-bg-size:cover;--awb-width-large:100%;--awb-margin-top-large:0px;--awb-spacing-right-large:0px;--awb-margin-bottom-large:0px;--awb-spacing-left-large:0px;--awb-width-medium:100%;--awb-spacing-right-medium:0px;--awb-spacing-left-medium:0px;--awb-width-small:100%;--awb-spacing-right-small:0px;--awb-spacing-left-small:0px;\"><div class=\"fusion-column-wrapper fusion-flex-justify-content-flex-start fusion-content-layout-column\"><div class=\"fusion-text fusion-text-1\"><h2>Definitionen der Begriffe<\/h2>\n<ul>\n<li>Herausgeber der Website: Eigent\u00fcmer und\/oder Unternehmen, das die Software online implementiert hat.<\/li>\n<li>Publishing Director: Endbenutzer der Online-Software (der Eigent\u00fcmer oder Manager der von der Online-Software pr\u00e4sentierten Einheit).<\/li>\n<li>Seitenbetreiber: Endnutzer der Online-Software (Eigent\u00fcmer oder Manager der von der Online-Software pr\u00e4sentierten Einheit).<\/li>\n<li>Die Website: Ergebnis der Nutzung der Online-Software.<\/li>\n<li>Webmaster: Technischer Leiter der Online-Software beim Herausgeber der Website und\/oder beim Endnutzer der Online-Software.<\/li>\n<li>Seitenbenutzer: Internetbenutzer, der sich \u00fcber das Internet und\/oder einen Berater mit der&#8230;. Online-Software verbindet.<\/li>\n<li>Hosting: Dedizierter Serverraum, der mit dem Internet verbunden ist und die Website online verf\u00fcgbar und nutzbar macht.<\/li>\n<li>Online-Software: Software, die im Auftrag des Eigent\u00fcmers und\/oder Managers der vorgestellten Einheit produziert und\/oder implementiert wird.<\/li>\n<\/ul>\n<h2>Rechtliche Informationen<\/h2>\n<ul>\n<li>Verlagsleiter :\n<ul>\n<li>Name: Campingplatz Ch\u00e2teau de Martragny<\/li>\n<li>Systemmanager: Camping Ch\u00e2teau de Martragny<\/li>\n<li>Firmensitz: 52 Hameau St. L\u00e9ger 14740 Martragny<\/li>\n<li>Tel: 02.31.31.31.80.21.40<\/li>\n<li>Fax. :02.31.80.21.40<\/li>\n<li>E-Mail: chateau.martragny@wanadoo.fr<\/li>\n<li>RCS: CAEN<\/li>\n<li>SIRENE: 379 312 309<\/li>\n<\/ul>\n<\/li>\n<li>Herausgeber und Webmaster der Website\n<ul>\n<li>Name : Lucie HOREL<\/li>\n<li>Adresse : 53 rue de STRASBOURG<\/li>\n<li>Tel. : 06.35.38.61.18<\/li>\n<\/ul>\n<\/li>\n<li>Website-Entwickler\n<ul>\n<li>name : Th\u00e8o Ba\u00efs<\/li>\n<li>Adresse : 19 rue Andr\u00e9 Pailheret, 35 000 Rennes<\/li>\n<li>T\u00c8l. : 06.68.75.32.04<\/li>\n<\/ul>\n<\/li>\n<li>Unterkunft : OVH SAS,\u00a0Vereinfachte Aktiengesellschaft mit einem Kapital von 10 069 020 \u00c4 mit Sitz in 2 rue Kellermann &#8211; 59100 Roubaix &#8211; Frankreich, eingetragen unter der Nummer 424 761 419 RCS Lille M\u00e9tropole 424 761 419 00045<\/li>\n<\/ul>\n<h2>Geistiges Eigentum und Urheberrecht\u00a0\u00a9 :<\/h2>\n<p>Die gesamte Website unterliegt der franz\u00f6sischen und internationalen Gesetzgebung \u00fcber Urheberrecht und geistiges Eigentum. Alle Vervielf\u00e4ltigungsrechte sind vorbehalten, auch f\u00fcr ikonographische und fotografische Dokumente. Kein Element dieser Website darf ohne vorherige schriftliche Zustimmung des Herausgebers und der f\u00fcr die Ver\u00f6ffentlichung der Website verantwortlichen Person ganz oder teilweise in irgendeiner Weise unter irgendeinem Medium kopiert, reproduziert, modifiziert, neu ver\u00f6ffentlicht, hochgeladen, verzerrt, \u00fcbertragen oder verteilt werden, mit Ausnahme der strikten Nutzung f\u00fcr Pressezwecke und\/oder private Nutzung und unter Beachtung der Rechte an geistigem Eigentum und anderer Eigentumsrechte. Im Hinblick auf den privaten Gebrauch ist nur das Kopieren und \u00dcbermitteln zum pers\u00f6nlichen, privaten und nicht gewerblichen Gebrauch zul\u00e4ssig. Dar\u00fcber hinaus muss jede autorisierte Kopie oder Nutzung des gesamten oder eines Teils des Inhalts dieser Website, unabh\u00e4ngig davon, was sie ist, ohne \u00c4nderung, Modifikation oder \u00c4nderung in irgendeiner Weise erfolgen und den folgenden Vermerk &#8222;COPYRIGHT UNA &#8211; ALL RIGHTS RESERVED&#8220; enthalten, der lesbar geschrieben ist. Andernfalls beh\u00e4lt sich der Herausgeber und\/oder die f\u00fcr die Ver\u00f6ffentlichung der Website verantwortliche Person das Recht vor, rechtliche Schritte gegen die Verletzung ihrer geistigen Eigentumsrechte einzuleiten.<\/p>\n<h2>Linkpolitik :<\/h2>\n<h3>Erstellung von Links zur Website<\/h3>\n<p>Das Einrichten eines Hypertext-Links auf die Homepage der Website ist zul\u00e4ssig, sofern die Website, auf die der Link verweist, in einem anderen Browserfenster ge\u00f6ffnet wird. Die Einrichtung von Deep Links zu den Inhalten der Website, mit Ausnahme der Homepage, ist ohne die ausdr\u00fcckliche Zustimmung des Herausgebers der Website untersagt. Die verwendeten Informationen d\u00fcrfen nur f\u00fcr den pers\u00f6nlichen Gebrauch verwendet werden; eine Verwendung f\u00fcr kommerzielle oder werbliche Zwecke ist ausgeschlossen. Wichtig! Diese Genehmigung gilt nicht f\u00fcr Websites, die Informationen kontroverser, pornografischer, fremdenfeindlicher Natur verbreiten oder die in gr\u00f6\u00dferem Ma\u00dfe die Sensibilit\u00e4ten der gr\u00f6\u00dftm\u00f6glichen Anzahl und Moral verletzen k\u00f6nnen. F\u00fcr andere Anwendungen wenden Sie sich bitte an den Herausgeber der Website. Dar\u00fcber hinaus k\u00f6nnen in Bezug auf externe Websites, die Hypertext-Links zu dieser Website enthalten k\u00f6nnen, weder der Herausgeber noch der Verleger f\u00fcr die Nichtverf\u00fcgbarkeit solcher Websites verantwortlich gemacht werden, noch k\u00f6nnen sie den Inhalt, die Werbung, die Produkte oder andere Elemente, die auf oder \u00fcber diese Websites verf\u00fcgbar sind, pr\u00fcfen, kontrollieren und genehmigen oder sind verantwortlich.<\/p>\n<h3>Links zu anderen Seiten<\/h3>\n<p>Der Herausgeber und Verleger der Website kann nicht f\u00fcr Websites Dritter haftbar gemacht werden, auf die Sie \u00fcber diese Website Zugriff haben. Wir haben keine M\u00f6glichkeit, den Inhalt dieser Websites Dritter zu kontrollieren, die in jedem Fall v\u00f6llig unabh\u00e4ngig bleiben. Dar\u00fcber hinaus bedeutet das Vorhandensein eines Links zwischen dieser Website und einer Website eines Drittanbieters nicht, dass wir in irgendeiner Weise den Inhalt dieser Website und insbesondere die Nutzung, die daraus erfolgen k\u00f6nnte, genehmigen. Dar\u00fcber hinaus liegt es in Ihrer Verantwortung, die notwendigen Vorkehrungen zu treffen, um eine Kontamination Ihrer Computerausr\u00fcstung und der Website insbesondere durch ein oder mehrere &#8222;Viren&#8220;, &#8222;Trojanische Pferde&#8220;, &#8222;W\u00fcrmer&#8220;, &#8222;Spyware&#8220; oder andere digitale &#8222;Parasiten&#8220; zu vermeiden.<\/p>\n<h2>Nominative, nicht-nominative, sonstige Informationen und Schutz personenbezogener Daten:<\/h2>\n<h3>Allgemeine Grunds\u00e4tze\u00a0:<\/h3>\n<p>Auf dieser Website werden ohne Ihr Wissen keine personenbezogenen Daten erhoben. Es werden keine personenbezogenen Daten an Dritte weitergegeben, die keine Partner sind und\/oder nicht vom Herausgeber oder Herausgeber der Website gekennzeichnet sind. Die erhobenen personenbezogenen Daten sind notwendig, um Ihre Anfragen unter den besten Qualit\u00e4ts- und Geschwindigkeitsbedingungen bearbeiten zu k\u00f6nnen. Gem\u00e4\u00df dem Gesetz Nr. 78-17 vom 06. Januar 1978 \u00fcber die Datenverarbeitung, Dateien und Freiheiten haben Sie das Recht auf Zugang, \u00c4nderung, Berichtigung und L\u00f6schung der Sie betreffenden personenbezogenen Daten. Dazu stellen Sie einfach eine Anfrage \u00fcber eine der auf der Homepage dieser Website verf\u00fcgbaren Kontaktm\u00f6glichkeiten (Postanschrift, Telefon, Fax, etc.) und insbesondere \u00fcber das auf dieser Website befindliche E-Mail-Kontaktformular.<\/p>\n<h2>Grunds\u00e4tze f\u00fcr die Funktionsweise der Kommunikationsmittel der Website:<\/h2>\n<h3>Funktion &#8222;Newsletter&#8220;<\/h3>\n<p>Die im Rahmen dieser Funktion registrierten elektronischen Adressen werden ausschlie\u00dflich zum Zwecke der \u00dcbermittlung von Informationen verschiedener Art durch den Betreiber und\/oder Herausgeber dieser Website an nat\u00fcrliche oder juristische Personen gespeichert, die sich auf diese Weise in die Mailingliste dieser Website eingetragen haben.<\/p>\n<h3>Formulare (&#8222;Bestellung&#8220;, &#8222;Kontakt&#8220;, &#8222;Angebot&#8220;, &#8222;Kostenloser R\u00fcckruf&#8220;, &#8222;Kontakt&#8220;, etc.)<\/h3>\n<p>Die im Rahmen dieser Funktion gesammelten Informationen und E-Mail-Adressen werden weder an Dritte weitergegeben noch weitergegeben und dienen ausschlie\u00dflich der Bearbeitung Ihrer Anfragen mit h\u00f6chster Servicequalit\u00e4t.<\/p>\n<h3>Nachrichtensystem<\/h3>\n<p>Die \u00fcber das Messaging-System gesammelten E-Mail-Adressen werden nicht \u00fcbertragen oder an Dritte weitergegeben. Wir werden keine personenbezogenen Daten \u00fcber Sie an Dritte weitergeben, die Sie m\u00f6glicherweise \u00fcber die an diese Website angeh\u00e4ngte E-Mail \u00fcbermitteln. Alle gesammelten Informationen werden nur verwendet, um Ihnen so effektiv wie m\u00f6glich zu antworten. Dar\u00fcber hinaus ist es nicht beabsichtigt, dass diese Website vertrauliche Informationen von Ihnen erh\u00e4lt. Daher werden sie, mit Ausnahme der oben genannten personenbezogenen Daten, unabh\u00e4ngig von der Form der Informationen, die Sie uns per E-Mail \u00fcbermitteln, unter keinen Umst\u00e4nden als vertraulich betrachtet. Ihre einfache \u00dcbermittlung durch Sie gibt uns daher das Recht, sie zu nutzen, zu reproduzieren, zu verteilen, zu modifizieren oder zu \u00fcbermitteln, um Ihre Anfrage zu bearbeiten.<\/p>\n<h2>Art der auf dieser Website enthaltenen Informationen und Haftungsbeschr\u00e4nkung:<\/h2>\n<p>Der Herausgeber der Website und\/oder die f\u00fcr die Ver\u00f6ffentlichung der Website verantwortliche Person sind bestrebt, nach bestem Wissen und Gewissen die Richtigkeit und Aktualisierung aller Informationen zu gew\u00e4hrleisten, die \u00fcber diese Website enthalten und\/oder verbreitet werden, von denen sie sich das Recht vorbehalten, den Inhalt jederzeit und ohne Vorank\u00fcndigung zu korrigieren. Der Herausgeber und die f\u00fcr die Ver\u00f6ffentlichung dieser Website verantwortliche Person k\u00f6nnen jedoch nicht f\u00fcr die Richtigkeit, Genauigkeit, Aktualisierung oder Vollst\u00e4ndigkeit der auf dieser Website bereitgestellten Informationen garantieren. Mit Ausnahme von direkten Sch\u00e4den, die auf grobe oder vors\u00e4tzliche Fahrl\u00e4ssigkeit des Herausgebers oder der f\u00fcr die Ver\u00f6ffentlichung dieser Website verantwortlichen Person zur\u00fcckzuf\u00fchren sind, haftet dieser daher nicht:<\/p>\n<ul>\n<li style=\"list-style-type: none;\">\n<ul>\n<li>F\u00fcr alle Ungenauigkeiten, Ungenauigkeiten oder Auslassungen in den auf dieser Website verf\u00fcgbaren Informationen,<\/li>\n<li>F\u00fcr Sch\u00e4den, die durch ein betr\u00fcgerisches Eindringen Dritter entstehen, die zu einer \u00c4nderung der auf dieser Website zur Verf\u00fcgung gestellten Informationen oder Elemente f\u00fchren,Pour toute impr\u00e9cision, inexactitude ou omission portant sur des informations disponibles sur ce Site,<\/li>\n<\/ul>\n<\/li>\n<\/ul>\n<p>Und generell f\u00fcr alle direkten oder indirekten Sch\u00e4den, unabh\u00e4ngig von der Ursache, dem Ursprung, der Art oder den Folgen, selbst wenn der Herausgeber und die f\u00fcr die Ver\u00f6ffentlichung dieser Website verantwortliche Person \u00fcber die M\u00f6glichkeit solcher Sch\u00e4den informiert wurden, die durch den Zugriff einer Person auf die Website oder die Unm\u00f6glichkeit des Zugriffs auf die Website, die Nutzung der Website, einschlie\u00dflich aller Beeintr\u00e4chtigungen oder Viren, die Ihre Computerausr\u00fcstung oder anderes Eigentum infizieren k\u00f6nnten, und\/oder die Gutschrift f\u00fcr Informationen, die direkt oder indirekt von dieser Website aus gegeben wurden.<\/p>\n<p>Die Elemente dieser Website oder einer anderen Website werden &#8222;wie besehen&#8220; ohne jegliche ausdr\u00fcckliche oder stillschweigende Garantie bereitgestellt. Der Herausgeber und die f\u00fcr die Ver\u00f6ffentlichung dieser Website verantwortliche Person \u00fcbernehmen keine Gew\u00e4hr,<br \/>\nimplizit oder explizit, relativ, ohne Einschr\u00e4nkung, zu ihrem Marktwert oder ihrer Eignung f\u00fcr einen bestimmten Zweck.<\/p>\n<h2>Statistische Daten\u00a0:<\/h2>\n<p>Um Ihnen einen besseren Service bieten zu k\u00f6nnen, messen wir die Anzahl der besuchten Seiten, die Anzahl der Besuche sowie die Aktivit\u00e4t der Besucher der Website und deren H\u00e4ufigkeit der R\u00fcckkehr. Zu diesem Zweck verwenden wir die &#8222;Cookie&#8220;-Technologie. Die verwendeten Cookies enthalten: eine eindeutige Kennung, die zuf\u00e4llig generiert wird und das Datum Ihres letzten Besuchs. Sie k\u00f6nnen diese Cookies ablehnen oder l\u00f6schen, ohne Einfluss auf Ihr Surfen auf der Website zu haben. Schlie\u00dflich werden IP-Adressen im Zusammenhang mit den durchgef\u00fchrten Konsultationen sowie &#8222;Cookies&#8220; nicht \u00fcber die nach franz\u00f6sischem Recht zul\u00e4ssigen Aufbewahrungsfristen hinaus gespeichert.<\/p>\n<h2>Cr\u00e9dits<\/h2>\n<p>Implementierung, Design, Realisierung und Wartung der Website: Team OKKI &#8211; Website erstellt mit dem WordPress CMS\u00a0(<a href=\"https:\/\/fr.wordpress.com\/\">https:\/\/fr.wordpress.com\/<\/a>).<\/p>\n<\/div><\/div><\/div><\/div><\/div><\/p>\n","protected":false},"excerpt":{"rendered":"","protected":false},"author":3486,"featured_media":0,"parent":0,"menu_order":0,"comment_status":"closed","ping_status":"closed","template":"","meta":{"inline_featured_image":false,"_monsterinsights_skip_tracking":false,"_monsterinsights_sitenote_active":false,"_monsterinsights_sitenote_note":"","_monsterinsights_sitenote_category":0,"footnotes":""},"class_list":["post-2367","page","type-page","status-publish","hentry"],"yoast_head":"<!-- This site is optimized with the Yoast SEO plugin v25.7 - https:\/\/yoast.com\/wordpress\/plugins\/seo\/ -->\n<title>Rechtliche Informationen - Camping Martragny<\/title>\n<meta name=\"robots\" content=\"index, follow, max-snippet:-1, max-image-preview:large, max-video-preview:-1\" \/>\n<link rel=\"canonical\" href=\"https:\/\/www.chateau-martragny.com\/rechtliche-informationen\/?lang=de\" \/>\n<meta property=\"og:locale\" content=\"de_DE\" \/>\n<meta property=\"og:type\" content=\"article\" \/>\n<meta property=\"og:title\" content=\"Rechtliche Informationen - Camping Martragny\" \/>\n<meta property=\"og:url\" content=\"https:\/\/www.chateau-martragny.com\/rechtliche-informationen\/?lang=de\" \/>\n<meta property=\"og:site_name\" content=\"Camping Martragny\" \/>\n<meta property=\"article:modified_time\" content=\"2020-10-14T13:09:06+00:00\" \/>\n<meta name=\"twitter:card\" content=\"summary_large_image\" \/>\n<meta name=\"twitter:label1\" content=\"Gesch\u00e4tzte Lesezeit\" \/>\n\t<meta name=\"twitter:data1\" content=\"10\u00a0Minuten\" \/>\n<script type=\"application\/ld+json\" class=\"yoast-schema-graph\">{\"@context\":\"https:\/\/schema.org\",\"@graph\":[{\"@type\":\"WebPage\",\"@id\":\"https:\/\/www.chateau-martragny.com\/rechtliche-informationen\/?lang=de\",\"url\":\"https:\/\/www.chateau-martragny.com\/rechtliche-informationen\/?lang=de\",\"name\":\"Rechtliche Informationen - Camping Martragny\",\"isPartOf\":{\"@id\":\"https:\/\/www.chateau-martragny.com\/#website\"},\"datePublished\":\"2018-06-13T12:04:09+00:00\",\"dateModified\":\"2020-10-14T13:09:06+00:00\",\"breadcrumb\":{\"@id\":\"https:\/\/www.chateau-martragny.com\/rechtliche-informationen\/?lang=de#breadcrumb\"},\"inLanguage\":\"de\",\"potentialAction\":[{\"@type\":\"ReadAction\",\"target\":[\"https:\/\/www.chateau-martragny.com\/rechtliche-informationen\/?lang=de\"]}]},{\"@type\":\"BreadcrumbList\",\"@id\":\"https:\/\/www.chateau-martragny.com\/rechtliche-informationen\/?lang=de#breadcrumb\",\"itemListElement\":[{\"@type\":\"ListItem\",\"position\":1,\"name\":\"Home\",\"item\":\"https:\/\/www.chateau-martragny.com\/de\/\"},{\"@type\":\"ListItem\",\"position\":2,\"name\":\"Rechtliche Informationen\"}]},{\"@type\":\"WebSite\",\"@id\":\"https:\/\/www.chateau-martragny.com\/#website\",\"url\":\"https:\/\/www.chateau-martragny.com\/\",\"name\":\"Camping Martragny\",\"description\":\"Camping 4 \u00e9toiles en Normandie\",\"potentialAction\":[{\"@type\":\"SearchAction\",\"target\":{\"@type\":\"EntryPoint\",\"urlTemplate\":\"https:\/\/www.chateau-martragny.com\/?s={search_term_string}\"},\"query-input\":{\"@type\":\"PropertyValueSpecification\",\"valueRequired\":true,\"valueName\":\"search_term_string\"}}],\"inLanguage\":\"de\"}]}<\/script>\n<!-- \/ Yoast SEO plugin. -->","yoast_head_json":{"title":"Rechtliche Informationen - Camping Martragny","robots":{"index":"index","follow":"follow","max-snippet":"max-snippet:-1","max-image-preview":"max-image-preview:large","max-video-preview":"max-video-preview:-1"},"canonical":"https:\/\/www.chateau-martragny.com\/rechtliche-informationen\/?lang=de","og_locale":"de_DE","og_type":"article","og_title":"Rechtliche Informationen - Camping Martragny","og_url":"https:\/\/www.chateau-martragny.com\/rechtliche-informationen\/?lang=de","og_site_name":"Camping Martragny","article_modified_time":"2020-10-14T13:09:06+00:00","twitter_card":"summary_large_image","twitter_misc":{"Gesch\u00e4tzte Lesezeit":"10\u00a0Minuten"},"schema":{"@context":"https:\/\/schema.org","@graph":[{"@type":"WebPage","@id":"https:\/\/www.chateau-martragny.com\/rechtliche-informationen\/?lang=de","url":"https:\/\/www.chateau-martragny.com\/rechtliche-informationen\/?lang=de","name":"Rechtliche Informationen - Camping Martragny","isPartOf":{"@id":"https:\/\/www.chateau-martragny.com\/#website"},"datePublished":"2018-06-13T12:04:09+00:00","dateModified":"2020-10-14T13:09:06+00:00","breadcrumb":{"@id":"https:\/\/www.chateau-martragny.com\/rechtliche-informationen\/?lang=de#breadcrumb"},"inLanguage":"de","potentialAction":[{"@type":"ReadAction","target":["https:\/\/www.chateau-martragny.com\/rechtliche-informationen\/?lang=de"]}]},{"@type":"BreadcrumbList","@id":"https:\/\/www.chateau-martragny.com\/rechtliche-informationen\/?lang=de#breadcrumb","itemListElement":[{"@type":"ListItem","position":1,"name":"Home","item":"https:\/\/www.chateau-martragny.com\/de\/"},{"@type":"ListItem","position":2,"name":"Rechtliche Informationen"}]},{"@type":"WebSite","@id":"https:\/\/www.chateau-martragny.com\/#website","url":"https:\/\/www.chateau-martragny.com\/","name":"Camping Martragny","description":"Camping 4 \u00e9toiles en Normandie","potentialAction":[{"@type":"SearchAction","target":{"@type":"EntryPoint","urlTemplate":"https:\/\/www.chateau-martragny.com\/?s={search_term_string}"},"query-input":{"@type":"PropertyValueSpecification","valueRequired":true,"valueName":"search_term_string"}}],"inLanguage":"de"}]}},"jetpack_sharing_enabled":true,"_links":{"self":[{"href":"https:\/\/www.chateau-martragny.com\/de\/wp-json\/wp\/v2\/pages\/2367","targetHints":{"allow":["GET"]}}],"collection":[{"href":"https:\/\/www.chateau-martragny.com\/de\/wp-json\/wp\/v2\/pages"}],"about":[{"href":"https:\/\/www.chateau-martragny.com\/de\/wp-json\/wp\/v2\/types\/page"}],"author":[{"embeddable":true,"href":"https:\/\/www.chateau-martragny.com\/de\/wp-json\/wp\/v2\/users\/3486"}],"replies":[{"embeddable":true,"href":"https:\/\/www.chateau-martragny.com\/de\/wp-json\/wp\/v2\/comments?post=2367"}],"version-history":[{"count":7,"href":"https:\/\/www.chateau-martragny.com\/de\/wp-json\/wp\/v2\/pages\/2367\/revisions"}],"predecessor-version":[{"id":4749,"href":"https:\/\/www.chateau-martragny.com\/de\/wp-json\/wp\/v2\/pages\/2367\/revisions\/4749"}],"wp:attachment":[{"href":"https:\/\/www.chateau-martragny.com\/de\/wp-json\/wp\/v2\/media?parent=2367"}],"curies":[{"name":"wp","href":"https:\/\/api.w.org\/{rel}","templated":true}]}}