{"id":9029,"date":"2025-02-02T15:45:01","date_gmt":"2025-02-02T14:45:01","guid":{"rendered":"https:\/\/www.chateau-martragny.com\/allgemeine-verkaufsbedingungen\/"},"modified":"2025-02-02T15:45:01","modified_gmt":"2025-02-02T14:45:01","slug":"allgemeine-verkaufsbedingungen","status":"publish","type":"page","link":"https:\/\/www.chateau-martragny.com\/de\/allgemeine-verkaufsbedingungen\/","title":{"rendered":"Allgemeine Verkaufsbedingungen"},"content":{"rendered":"<p><div class=\"fusion-fullwidth fullwidth-box fusion-builder-row-1 fusion-flex-container has-pattern-background has-mask-background nonhundred-percent-fullwidth non-hundred-percent-height-scrolling\" style=\"--awb-border-radius-top-left:0px;--awb-border-radius-top-right:0px;--awb-border-radius-bottom-right:0px;--awb-border-radius-bottom-left:0px;--awb-padding-right:13.6vw;--awb-padding-left:13.6vw;--awb-padding-right-small:17px;--awb-padding-left-small:17px;--awb-margin-bottom:150px;--awb-margin-top-small:30px;--awb-margin-bottom-small:50px;--awb-flex-wrap:wrap;\" ><div class=\"fusion-builder-row fusion-row fusion-flex-align-items-flex-start fusion-flex-content-wrap\" style=\"max-width:calc( 1160px + 0px );margin-left: calc(-0px \/ 2 );margin-right: calc(-0px \/ 2 );\"><div class=\"fusion-layout-column fusion_builder_column fusion-builder-column-0 fusion_builder_column_1_1 1_1 fusion-flex-column\" style=\"--awb-bg-size:cover;--awb-width-large:100%;--awb-margin-top-large:0px;--awb-spacing-right-large:0px;--awb-margin-bottom-large:0px;--awb-spacing-left-large:0px;--awb-width-medium:100%;--awb-order-medium:0;--awb-spacing-right-medium:0px;--awb-spacing-left-medium:0px;--awb-width-small:100%;--awb-order-small:0;--awb-spacing-right-small:0px;--awb-spacing-left-small:0px;\"><div class=\"fusion-column-wrapper fusion-column-has-shadow fusion-flex-justify-content-flex-start fusion-content-layout-column\"><div class=\"fusion-title title fusion-title-1 fusion-sep-none fusion-title-center fusion-title-text fusion-title-size-one\" style=\"--awb-text-color:var(--awb-custom_color_3);\"><h1 class=\"fusion-title-heading title-heading-center fusion-responsive-typography-calculated\" style=\"margin:0;--fontSize:50;line-height:1.26;\">Allgemeine Gesch\u00e4ftsbedingungen f\u00fcr Camping und Vermietungen<\/h1><\/div><div class=\"fusion-text fusion-text-1 fusion-text-no-margin\" style=\"--awb-content-alignment:center;--awb-margin-bottom:50px;\"><p>CHASSEY SAS &#8211; Ch\u00e2teau de Martragny 14740 Moulin en Bessins<\/p>\n<\/div><div class=\"fusion-image-element \" style=\"text-align:center;--awb-max-width:82px;--awb-caption-title-font-family:var(--h2_typography-font-family);--awb-caption-title-font-weight:var(--h2_typography-font-weight);--awb-caption-title-font-style:var(--h2_typography-font-style);--awb-caption-title-size:var(--h2_typography-font-size);--awb-caption-title-transform:var(--h2_typography-text-transform);--awb-caption-title-line-height:var(--h2_typography-line-height);--awb-caption-title-letter-spacing:var(--h2_typography-letter-spacing);\"><span class=\" fusion-imageframe imageframe-none imageframe-1 hover-type-none\"><img decoding=\"async\" width=\"159\" height=\"24\" title=\"Ornement\" src=\"data:image\/svg+xml,%3Csvg%20xmlns%3D%27http%3A%2F%2Fwww.w3.org%2F2000%2Fsvg%27%20width%3D%27159%27%20height%3D%2724%27%20viewBox%3D%270%200%20159%2024%27%3E%3Crect%20width%3D%27159%27%20height%3D%2724%27%20fill-opacity%3D%220%22%2F%3E%3C%2Fsvg%3E\" data-orig-src=\"https:\/\/www.chateau-martragny.com\/wp-content\/uploads\/2015\/10\/Ornement.png\" alt class=\"lazyload img-responsive wp-image-2850\"\/><\/span><\/div><\/div><\/div><\/div><\/div><div class=\"fusion-fullwidth fullwidth-box fusion-builder-row-2 fusion-flex-container has-pattern-background has-mask-background nonhundred-percent-fullwidth non-hundred-percent-height-scrolling\" style=\"--awb-border-radius-top-left:0px;--awb-border-radius-top-right:0px;--awb-border-radius-bottom-right:0px;--awb-border-radius-bottom-left:0px;--awb-flex-wrap:wrap;\" ><div class=\"fusion-builder-row fusion-row fusion-flex-align-items-flex-start fusion-flex-content-wrap\" style=\"max-width:calc( 1160px + 0px );margin-left: calc(-0px \/ 2 );margin-right: calc(-0px \/ 2 );\"><div class=\"fusion-layout-column fusion_builder_column fusion-builder-column-1 fusion_builder_column_1_1 1_1 fusion-flex-column\" style=\"--awb-bg-size:cover;--awb-width-large:100%;--awb-margin-top-large:0px;--awb-spacing-right-large:0px;--awb-margin-bottom-large:0px;--awb-spacing-left-large:0px;--awb-width-medium:100%;--awb-order-medium:0;--awb-spacing-right-medium:0px;--awb-spacing-left-medium:0px;--awb-width-small:100%;--awb-order-small:0;--awb-spacing-right-small:0px;--awb-spacing-left-small:0px;\"><div class=\"fusion-column-wrapper fusion-column-has-shadow fusion-flex-justify-content-flex-start fusion-content-layout-column\"><div class=\"fusion-title title fusion-title-2 fusion-sep-none fusion-title-text fusion-title-size-two\"><h2 class=\"fusion-title-heading title-heading-left fusion-responsive-typography-calculated\" style=\"margin:0;--fontSize:30;line-height:1.3;\">Artikel 1 Anwendungsbereich der Allgemeinen Gesch\u00e4ftsbedingungen<\/h2><\/div><div class=\"fusion-text fusion-text-2\"><p>Die vorliegenden Allgemeinen Gesch\u00e4ftsbedingungen gelten von Rechts wegen f\u00fcr alle Verk\u00e4ufe von Aufenthalten, die auf der Website von Ch\u00e2teau de Martragny get\u00e4tigt werden. Sie sind integraler Bestandteil jedes Vertrags zwischen dem Campingplatz und seinen Kunden. Jeder Kunde best\u00e4tigt, dass er die vorliegenden Allgemeinen Gesch\u00e4ftsbedingungen vor der Buchung eines Aufenthalts f\u00fcr sich selbst und alle am Aufenthalt teilnehmenden Personen zur Kenntnis genommen hat. In \u00dcbereinstimmung mit dem geltenden Recht werden die vorliegenden Allgemeinen Gesch\u00e4ftsbedingungen jedem Kunden als Information vor Abschluss eines Kaufvertrags f\u00fcr einen Aufenthalt zur Verf\u00fcgung gestellt. Sie k\u00f6nnen auch auf einfache schriftliche Anfrage beim Hauptsitz der Einrichtung angefordert werden.    <\/p>\n<\/div><div class=\"fusion-title title fusion-title-3 fusion-sep-none fusion-title-text fusion-title-size-two\"><h2 class=\"fusion-title-heading title-heading-left fusion-responsive-typography-calculated\" style=\"margin:0;--fontSize:30;line-height:1.3;\">Artikel 2 &#8211; Buchungsbedingungen &#8211; Stornierung<\/h2><\/div><div class=\"fusion-title title fusion-title-4 fusion-sep-none fusion-title-text fusion-title-size-three\"><h3 class=\"fusion-title-heading title-heading-left fusion-responsive-typography-calculated\" style=\"margin:0;--fontSize:25;--minFontSize:25;line-height:1.56;\">2.1 Preis, Zahlung und Buchung<\/h3><\/div><div class=\"fusion-text fusion-text-3\"><p>Die Preise f\u00fcr die Aufenthalte sind in Euro angegeben und enthalten die Mehrwertsteuer. Der Kunde wird darauf hingewiesen, dass die Kurtaxe und die \u00d6kobeteiligung nicht im Preis enthalten sind. <\/p>\n<p><strong>F\u00fcr Reservierungen von Campingpl\u00e4tzen:<\/strong> Jede Vermietung ist namentlich und kann nicht \u00fcbertragen werden. Der Mietvertrag wird erst mit unserer Zustimmung und nach Erhalt einer Anzahlung von 40% des Gesamtbetrags des Aufenthalts wirksam. <\/p>\n<p><strong>F\u00fcr Buchungen von Mietobjekten:<\/strong> Ihre Buchung ist verbindlich, sobald sie von uns schriftlich per E-Mail best\u00e4tigt wurde und nach Erhalt der entsprechenden Anzahlung (40%). Der Restbetrag muss 15 Tage vor Ihrer Ankunft bezahlt werden. Wenn die Zahlung nicht innerhalb dieser Frist erfolgt, wird Ihre Buchung automatisch storniert. Eine \u00dcbertragung des Aufenthalts auf die n\u00e4chste Saison oder eine R\u00fcckerstattung der Anzahlung ist nicht m\u00f6glich. Jede Stornierung muss uns per Post oder E-Mail mitgeteilt werden, wobei das Datum des Eingangs als Stornierungsdatum gilt. Im Falle einer Stornierung werden Ihnen als Entsch\u00e4digung f\u00fcr den Abbruch der Reservierung folgende Betr\u00e4ge einbehalten bzw. geschuldet:     <\/p>\n<ul>\n<li>einen Betrag in H\u00f6he der Anzahlung f\u00fcr Ihren Aufenthalt, wenn Sie zwischen 40 und 31 Tagen vor dem geplanten Ankunftsdatum stornieren.<\/li>\n<li>den Gesamtbetrag des Aufenthalts, wenn Sie innerhalb von 30 Tagen vor dem geplanten Ankunftsdatum stornieren oder wenn Sie nicht am Ankunftsdatum erscheinen.<\/li>\n<\/ul>\n<p><span style=\"color: #ff0000;\"><strong>Wenn Sie Ihren Aufenthalt unterbrechen oder verk\u00fcrzen (versp\u00e4tete Ankunft, vorzeitige Abreise, &#8230;), k\u00f6nnen Sie aus keinem Grund eine R\u00fcckerstattung erhalten.<\/strong><\/span><\/p>\n<\/div><div class=\"fusion-title title fusion-title-5 fusion-sep-none fusion-title-text fusion-title-size-three\"><h3 class=\"fusion-title-heading title-heading-left fusion-responsive-typography-calculated\" style=\"margin:0;--fontSize:25;--minFontSize:25;line-height:1.56;\">2.2 Widerruf<\/h3><\/div><div class=\"fusion-text fusion-text-4\"><p>Die gesetzlichen Bestimmungen \u00fcber das Widerrufsrecht bei Fernabsatzgesch\u00e4ften, die im Verbrauchergesetzbuch vorgesehen sind, sind nicht auf touristische Dienstleistungen anwendbar (Artikel L.121-20-4 des Verbrauchergesetzbuches). Daher hat der Kunde kein Widerrufsrecht f\u00fcr die Bestellung eines Aufenthalts auf dem Campingplatz f\u00fcr einen Stellplatz oder eine Mietunterkunft.<\/p>\n<\/div><div class=\"fusion-title title fusion-title-6 fusion-sep-none fusion-title-text fusion-title-size-three\"><h3 class=\"fusion-title-heading title-heading-left fusion-responsive-typography-calculated\" style=\"margin:0;--fontSize:25;--minFontSize:25;line-height:1.56;\">2.3 Reiser\u00fccktrittsversicherung<\/h3><\/div><div class=\"fusion-text fusion-text-5\"><p>Wir bieten keine Reiser\u00fccktrittsversicherung an. Wir empfehlen Ihnen dringend, eine eigene Versicherung abzuschlie\u00dfen. <\/p>\n<\/div><div class=\"fusion-title title fusion-title-7 fusion-sep-none fusion-title-text fusion-title-size-two\"><h2 class=\"fusion-title-heading title-heading-left fusion-responsive-typography-calculated\" style=\"margin:0;--fontSize:30;line-height:1.3;\">Artikel 3 &#8211; Ablauf des Aufenthalts<\/h2><\/div><div class=\"fusion-title title fusion-title-8 fusion-sep-none fusion-title-text fusion-title-size-three\"><h3 class=\"fusion-title-heading title-heading-left fusion-responsive-typography-calculated\" style=\"margin:0;--fontSize:25;--minFontSize:25;line-height:1.56;\">3.1 Ank\u00fcnfte und Abreisen<\/h3><\/div><div class=\"fusion-text fusion-text-6\"><p><strong>Auf dem Campingplatz:<\/strong> Ankunft ab 12.00 Uhr, Abreise bis sp\u00e4testens 12.00 Uhr, es sei denn, der Verantwortliche des Campingplatzes hat dem ausdr\u00fccklich zugestimmt. Jede gew\u00fcnschte Verl\u00e4ngerung des Aufenthalts muss mindestens 24 Stunden vor dem geplanten Abreisedatum beantragt werden. <strong>Mietunterk\u00fcnfte:<\/strong> Die Ankunft muss ab 16 Uhr erfolgen, die Abreise bis 10 Uhr, es sei denn, der Verantwortliche des Anwesens hat dem ausdr\u00fccklich zugestimmt. F\u00fcr die R\u00fcckgabe des Schl\u00fcssels oder die R\u00e4umung des Stellplatzes nach 10 Uhr wird eine zus\u00e4tzliche \u00dcbernachtung berechnet.<\/p>\n<\/div><div class=\"fusion-title title fusion-title-9 fusion-sep-none fusion-title-text fusion-title-size-three\"><h3 class=\"fusion-title-heading title-heading-left fusion-responsive-typography-calculated\" style=\"margin:0;--fontSize:25;--minFontSize:25;line-height:1.56;\">3.2 Gesch\u00e4ftsordnung<\/h3><\/div><div class=\"fusion-text fusion-text-7\"><p>Wie gesetzlich vorgeschrieben, m\u00fcssen Sie sich an unsere Hausordnung halten, die an unserer Rezeption aush\u00e4ngt und von der Sie auf Anfrage ein Exemplar erhalten.<\/p>\n<\/div><div class=\"fusion-title title fusion-title-10 fusion-sep-none fusion-title-text fusion-title-size-four\"><h4 class=\"fusion-title-heading title-heading-left fusion-responsive-typography-calculated\" style=\"margin:0;--fontSize:20;--minFontSize:20;line-height:1.5;\">Artikel 4 &#8211; Verantwortlichkeit<\/h4><\/div><div class=\"fusion-text fusion-text-8\"><p>Der Campingplatz haftet nicht f\u00fcr Sch\u00e4den an der Ausr\u00fcstung des Campers oder Wohnwagenfahrers, die von ihm selbst verursacht wurden; eine Haftpflichtversicherung f\u00fcr Ihre Ausr\u00fcstung ist obligatorisch. Der Campingplatz haftet nicht f\u00fcr Diebstahl, Verlust oder Sch\u00e4den jeglicher Art w\u00e4hrend oder nach Ihrem Aufenthalt.<\/p>\n<\/div><div class=\"fusion-title title fusion-title-11 fusion-sep-none fusion-title-text fusion-title-size-four\"><h4 class=\"fusion-title-heading title-heading-left fusion-responsive-typography-calculated\" style=\"margin:0;--fontSize:20;--minFontSize:20;line-height:1.5;\">Artikel 5 &#8211; Anwendbares Recht<\/h4><\/div><div class=\"fusion-text fusion-text-9\"><p>Die vorliegenden Allgemeinen Gesch\u00e4ftsbedingungen unterliegen dem franz\u00f6sischen Recht. F\u00fcr alle Streitigkeiten in Bezug auf ihre Anwendung kann sich der Verbraucher an eines der Gerichte wenden, die nach der Zivilprozessordnung \u00f6rtlich zust\u00e4ndig sind.<\/p>\n<\/div><\/div><\/div><\/div><\/div><\/p>\n","protected":false},"excerpt":{"rendered":"","protected":false},"author":3479,"featured_media":0,"parent":0,"menu_order":0,"comment_status":"closed","ping_status":"closed","template":"","meta":{"inline_featured_image":false,"_monsterinsights_skip_tracking":false,"_monsterinsights_sitenote_active":false,"_monsterinsights_sitenote_note":"","_monsterinsights_sitenote_category":0,"footnotes":""},"class_list":["post-9029","page","type-page","status-publish","hentry"],"yoast_head":"<!-- This site is optimized with the Yoast SEO plugin v25.7 - https:\/\/yoast.com\/wordpress\/plugins\/seo\/ -->\n<title>Allgemeine Verkaufsbedingungen - Camping Martragny<\/title>\n<meta name=\"robots\" content=\"index, follow, max-snippet:-1, max-image-preview:large, max-video-preview:-1\" \/>\n<link rel=\"canonical\" href=\"https:\/\/www.chateau-martragny.com\/de\/allgemeine-verkaufsbedingungen\/\" \/>\n<meta property=\"og:locale\" content=\"de_DE\" \/>\n<meta property=\"og:type\" content=\"article\" \/>\n<meta property=\"og:title\" content=\"Allgemeine Verkaufsbedingungen - Camping Martragny\" \/>\n<meta property=\"og:url\" content=\"https:\/\/www.chateau-martragny.com\/de\/allgemeine-verkaufsbedingungen\/\" \/>\n<meta property=\"og:site_name\" content=\"Camping Martragny\" \/>\n<meta name=\"twitter:card\" content=\"summary_large_image\" \/>\n<meta name=\"twitter:label1\" content=\"Gesch\u00e4tzte Lesezeit\" \/>\n\t<meta name=\"twitter:data1\" content=\"30\u00a0Minuten\" \/>\n<script type=\"application\/ld+json\" class=\"yoast-schema-graph\">{\"@context\":\"https:\/\/schema.org\",\"@graph\":[{\"@type\":\"WebPage\",\"@id\":\"https:\/\/www.chateau-martragny.com\/de\/allgemeine-verkaufsbedingungen\/\",\"url\":\"https:\/\/www.chateau-martragny.com\/de\/allgemeine-verkaufsbedingungen\/\",\"name\":\"Allgemeine Verkaufsbedingungen - Camping Martragny\",\"isPartOf\":{\"@id\":\"https:\/\/www.chateau-martragny.com\/#website\"},\"datePublished\":\"2025-02-02T14:45:01+00:00\",\"breadcrumb\":{\"@id\":\"https:\/\/www.chateau-martragny.com\/de\/allgemeine-verkaufsbedingungen\/#breadcrumb\"},\"inLanguage\":\"de\",\"potentialAction\":[{\"@type\":\"ReadAction\",\"target\":[\"https:\/\/www.chateau-martragny.com\/de\/allgemeine-verkaufsbedingungen\/\"]}]},{\"@type\":\"BreadcrumbList\",\"@id\":\"https:\/\/www.chateau-martragny.com\/de\/allgemeine-verkaufsbedingungen\/#breadcrumb\",\"itemListElement\":[{\"@type\":\"ListItem\",\"position\":1,\"name\":\"Home\",\"item\":\"https:\/\/www.chateau-martragny.com\/de\/\"},{\"@type\":\"ListItem\",\"position\":2,\"name\":\"Allgemeine Verkaufsbedingungen\"}]},{\"@type\":\"WebSite\",\"@id\":\"https:\/\/www.chateau-martragny.com\/#website\",\"url\":\"https:\/\/www.chateau-martragny.com\/\",\"name\":\"Camping Martragny\",\"description\":\"Camping 4 \u00e9toiles en Normandie\",\"potentialAction\":[{\"@type\":\"SearchAction\",\"target\":{\"@type\":\"EntryPoint\",\"urlTemplate\":\"https:\/\/www.chateau-martragny.com\/?s={search_term_string}\"},\"query-input\":{\"@type\":\"PropertyValueSpecification\",\"valueRequired\":true,\"valueName\":\"search_term_string\"}}],\"inLanguage\":\"de\"}]}<\/script>\n<!-- \/ Yoast SEO plugin. -->","yoast_head_json":{"title":"Allgemeine Verkaufsbedingungen - Camping Martragny","robots":{"index":"index","follow":"follow","max-snippet":"max-snippet:-1","max-image-preview":"max-image-preview:large","max-video-preview":"max-video-preview:-1"},"canonical":"https:\/\/www.chateau-martragny.com\/de\/allgemeine-verkaufsbedingungen\/","og_locale":"de_DE","og_type":"article","og_title":"Allgemeine Verkaufsbedingungen - Camping Martragny","og_url":"https:\/\/www.chateau-martragny.com\/de\/allgemeine-verkaufsbedingungen\/","og_site_name":"Camping Martragny","twitter_card":"summary_large_image","twitter_misc":{"Gesch\u00e4tzte Lesezeit":"30\u00a0Minuten"},"schema":{"@context":"https:\/\/schema.org","@graph":[{"@type":"WebPage","@id":"https:\/\/www.chateau-martragny.com\/de\/allgemeine-verkaufsbedingungen\/","url":"https:\/\/www.chateau-martragny.com\/de\/allgemeine-verkaufsbedingungen\/","name":"Allgemeine Verkaufsbedingungen - Camping Martragny","isPartOf":{"@id":"https:\/\/www.chateau-martragny.com\/#website"},"datePublished":"2025-02-02T14:45:01+00:00","breadcrumb":{"@id":"https:\/\/www.chateau-martragny.com\/de\/allgemeine-verkaufsbedingungen\/#breadcrumb"},"inLanguage":"de","potentialAction":[{"@type":"ReadAction","target":["https:\/\/www.chateau-martragny.com\/de\/allgemeine-verkaufsbedingungen\/"]}]},{"@type":"BreadcrumbList","@id":"https:\/\/www.chateau-martragny.com\/de\/allgemeine-verkaufsbedingungen\/#breadcrumb","itemListElement":[{"@type":"ListItem","position":1,"name":"Home","item":"https:\/\/www.chateau-martragny.com\/de\/"},{"@type":"ListItem","position":2,"name":"Allgemeine Verkaufsbedingungen"}]},{"@type":"WebSite","@id":"https:\/\/www.chateau-martragny.com\/#website","url":"https:\/\/www.chateau-martragny.com\/","name":"Camping Martragny","description":"Camping 4 \u00e9toiles en Normandie","potentialAction":[{"@type":"SearchAction","target":{"@type":"EntryPoint","urlTemplate":"https:\/\/www.chateau-martragny.com\/?s={search_term_string}"},"query-input":{"@type":"PropertyValueSpecification","valueRequired":true,"valueName":"search_term_string"}}],"inLanguage":"de"}]}},"jetpack_sharing_enabled":true,"_links":{"self":[{"href":"https:\/\/www.chateau-martragny.com\/de\/wp-json\/wp\/v2\/pages\/9029","targetHints":{"allow":["GET"]}}],"collection":[{"href":"https:\/\/www.chateau-martragny.com\/de\/wp-json\/wp\/v2\/pages"}],"about":[{"href":"https:\/\/www.chateau-martragny.com\/de\/wp-json\/wp\/v2\/types\/page"}],"author":[{"embeddable":true,"href":"https:\/\/www.chateau-martragny.com\/de\/wp-json\/wp\/v2\/users\/3479"}],"replies":[{"embeddable":true,"href":"https:\/\/www.chateau-martragny.com\/de\/wp-json\/wp\/v2\/comments?post=9029"}],"version-history":[{"count":2,"href":"https:\/\/www.chateau-martragny.com\/de\/wp-json\/wp\/v2\/pages\/9029\/revisions"}],"predecessor-version":[{"id":9031,"href":"https:\/\/www.chateau-martragny.com\/de\/wp-json\/wp\/v2\/pages\/9029\/revisions\/9031"}],"wp:attachment":[{"href":"https:\/\/www.chateau-martragny.com\/de\/wp-json\/wp\/v2\/media?parent=9029"}],"curies":[{"name":"wp","href":"https:\/\/api.w.org\/{rel}","templated":true}]}}