{"id":8444,"date":"2025-01-23T17:23:47","date_gmt":"2025-01-23T16:23:47","guid":{"rendered":"https:\/\/www.chateau-martragny.com\/accommodatie\/"},"modified":"2025-02-11T15:53:37","modified_gmt":"2025-02-11T14:53:37","slug":"accommodatie","status":"publish","type":"page","link":"https:\/\/www.chateau-martragny.com\/nl\/accommodatie\/","title":{"rendered":"Accommodaties"},"content":{"rendered":"<p><div class=\"fusion-fullwidth fullwidth-box fusion-builder-row-1 fusion-flex-container has-pattern-background has-mask-background page__header hundred-percent-fullwidth non-hundred-percent-height-scrolling\" style=\"--awb-border-radius-top-left:0px;--awb-border-radius-top-right:0px;--awb-border-radius-bottom-right:0px;--awb-border-radius-bottom-left:0px;--awb-padding-right:0px;--awb-padding-left:9.7vw;--awb-padding-right-small:17px;--awb-padding-left-small:34px;--awb-margin-bottom:150px;--awb-margin-bottom-small:70px;--awb-flex-wrap:wrap;\" ><div class=\"fusion-builder-row fusion-row fusion-flex-align-items-flex-start fusion-flex-content-wrap\" style=\"width:calc( 100% + 0px ) !important;max-width:calc( 100% + 0px ) !important;margin-left: calc(-0px \/ 2 );margin-right: calc(-0px \/ 2 );\"><div class=\"fusion-layout-column fusion_builder_column fusion-builder-column-0 fusion_builder_column_1_2 1_2 fusion-flex-column fusion-flex-align-self-stretch\" style=\"--awb-bg-size:cover;--awb-width-large:50%;--awb-margin-top-large:133px;--awb-spacing-right-large:5.6vw;--awb-margin-bottom-large:80px;--awb-spacing-left-large:0px;--awb-width-medium:50%;--awb-order-medium:0;--awb-spacing-right-medium:5.6vw;--awb-spacing-left-medium:0px;--awb-width-small:100%;--awb-order-small:0;--awb-margin-top-small:0;--awb-spacing-right-small:0px;--awb-margin-bottom-small:0;--awb-spacing-left-small:0px;\" data-scroll-devices=\"small-visibility,medium-visibility,large-visibility\"><div class=\"fusion-column-wrapper fusion-column-has-shadow fusion-flex-justify-content-flex-start fusion-content-layout-column\"><div class=\"fusion-text fusion-text-1 fusion-text-no-margin\" style=\"--awb-text-transform:uppercase;--awb-margin-bottom:5px;\"><p>Welkom<\/p>\n<\/div><div class=\"fusion-title title fusion-title-1 fusion-sep-none fusion-title-text fusion-title-size-one\" style=\"--awb-text-color:var(--awb-custom_color_3);\"><h1 class=\"fusion-title-heading title-heading-left fusion-responsive-typography-calculated\" style=\"margin:0;--fontSize:50;line-height:1.26;\">Onze accommodaties<\/h1><\/div><div class=\"fusion-image-element \" style=\"text-align:right;--awb-aspect-ratio: 100 \/ 137;--awb-object-position:17% 50%;--awb-margin-top:auto;--awb-margin-bottom:0px;--awb-max-width:19.3vw;--awb-caption-title-font-family:var(--h2_typography-font-family);--awb-caption-title-font-weight:var(--h2_typography-font-weight);--awb-caption-title-font-style:var(--h2_typography-font-style);--awb-caption-title-size:var(--h2_typography-font-size);--awb-caption-title-transform:var(--h2_typography-text-transform);--awb-caption-title-line-height:var(--h2_typography-line-height);--awb-caption-title-letter-spacing:var(--h2_typography-letter-spacing);\"><div style=\"display:inline-block;width:19.3vw;\"><span class=\" fusion-imageframe imageframe-none imageframe-1 hover-type-none has-aspect-ratio\"><img decoding=\"async\" width=\"2516\" height=\"2560\" title=\"Page H\u00e9bergement Petite Photo \u00e0 gauche n\u00b0 1\" src=\"https:\/\/www.chateau-martragny.com\/wp-content\/uploads\/Page-Hebergement-Petite-Photo-a-gauche-n\u00b0-1-scaled.jpg\" data-orig-src=\"https:\/\/www.chateau-martragny.com\/wp-content\/uploads\/Page-Hebergement-Petite-Photo-a-gauche-n\u00b0-1-scaled.jpg\" class=\"lazyload img-responsive wp-image-7749 img-with-aspect-ratio\" data-parent-fit=\"cover\" data-parent-container=\".fusion-image-element\" alt srcset=\"data:image\/svg+xml,%3Csvg%20xmlns%3D%27http%3A%2F%2Fwww.w3.org%2F2000%2Fsvg%27%20width%3D%272516%27%20height%3D%272560%27%20viewBox%3D%270%200%202516%202560%27%3E%3Crect%20width%3D%272516%27%20height%3D%272560%27%20fill-opacity%3D%220%22%2F%3E%3C%2Fsvg%3E\" data-srcset=\"https:\/\/www.chateau-martragny.com\/wp-content\/uploads\/Page-Hebergement-Petite-Photo-a-gauche-n\u00b0-1-200x203.jpg 200w, https:\/\/www.chateau-martragny.com\/wp-content\/uploads\/Page-Hebergement-Petite-Photo-a-gauche-n\u00b0-1-400x407.jpg 400w, https:\/\/www.chateau-martragny.com\/wp-content\/uploads\/Page-Hebergement-Petite-Photo-a-gauche-n\u00b0-1-600x610.jpg 600w, https:\/\/www.chateau-martragny.com\/wp-content\/uploads\/Page-Hebergement-Petite-Photo-a-gauche-n\u00b0-1-800x814.jpg 800w, https:\/\/www.chateau-martragny.com\/wp-content\/uploads\/Page-Hebergement-Petite-Photo-a-gauche-n\u00b0-1-1200x1221.jpg 1200w, https:\/\/www.chateau-martragny.com\/wp-content\/uploads\/Page-Hebergement-Petite-Photo-a-gauche-n\u00b0-1-scaled.jpg 2516w\" data-sizes=\"auto\" data-orig-sizes=\"(max-width: 1280px) 100vw, (max-width: 1100px) 100vw, 600px\" \/><\/span><\/div><\/div><\/div><\/div><div class=\"fusion-layout-column fusion_builder_column fusion-builder-column-1 fusion_builder_column_1_2 1_2 fusion-flex-column header__presentation fusion-no-small-visibility\" style=\"--awb-bg-position:right center;--awb-bg-size:cover;--awb-width-large:50%;--awb-margin-top-large:0px;--awb-spacing-right-large:0px;--awb-margin-bottom-large:0px;--awb-spacing-left-large:0px;--awb-width-medium:50%;--awb-order-medium:0;--awb-spacing-right-medium:0px;--awb-spacing-left-medium:0px;--awb-width-small:100%;--awb-order-small:0;--awb-spacing-right-small:0px;--awb-spacing-left-small:0px;\" data-scroll-devices=\"small-visibility,medium-visibility,large-visibility\"><div class=\"fusion-column-wrapper lazyload fusion-column-has-shadow fusion-flex-justify-content-flex-start fusion-content-layout-column fusion-empty-column-bg-image fusion-column-has-bg-image\" data-bg-url=\"https:\/\/www.chateau-martragny.com\/wp-content\/uploads\/Page-Hebergement-Grande-Photo-a-droite-n\u00b02-scaled.jpeg\" data-bg=\"https:\/\/www.chateau-martragny.com\/wp-content\/uploads\/Page-Hebergement-Grande-Photo-a-droite-n\u00b02-scaled.jpeg\"><img decoding=\"async\" class=\"fusion-empty-dims-img-placeholder\" aria-label=\"Page H\u00e9bergement Grande Photo \u00e0 droite n\u00b02\" src=\"data:image\/svg+xml,%3Csvg%20xmlns%3D%27http%3A%2F%2Fwww.w3.org%2F2000%2Fsvg%27%20width%3D%271920%27%20height%3D%272560%27%20viewBox%3D%270%200%201920%202560%27%3E%3Crect%20width%3D%271920%27%20height%3D%272560%27%20fill-opacity%3D%220%22%2F%3E%3C%2Fsvg%3E\"><\/div><\/div><\/div><\/div><div class=\"fusion-fullwidth fullwidth-box fusion-builder-row-2 fusion-flex-container has-pattern-background has-mask-background nonhundred-percent-fullwidth non-hundred-percent-height-scrolling\" style=\"--awb-border-radius-top-left:0px;--awb-border-radius-top-right:0px;--awb-border-radius-bottom-right:0px;--awb-border-radius-bottom-left:0px;--awb-margin-bottom:150px;--awb-margin-bottom-small:70px;--awb-flex-wrap:wrap;\" ><div class=\"fusion-builder-row fusion-row fusion-flex-align-items-flex-start fusion-flex-content-wrap\" style=\"max-width:calc( 1160px + 0px );margin-left: calc(-0px \/ 2 );margin-right: calc(-0px \/ 2 );\"><div class=\"fusion-layout-column fusion_builder_column fusion-builder-column-2 fusion_builder_column_1_1 1_1 fusion-flex-column\" style=\"--awb-bg-size:cover;--awb-width-large:100%;--awb-margin-top-large:0px;--awb-spacing-right-large:0px;--awb-margin-bottom-large:0px;--awb-spacing-left-large:0px;--awb-width-medium:100%;--awb-order-medium:0;--awb-spacing-right-medium:0px;--awb-spacing-left-medium:0px;--awb-width-small:100%;--awb-order-small:0;--awb-spacing-right-small:0px;--awb-spacing-left-small:0px;\"><div class=\"fusion-column-wrapper fusion-column-has-shadow fusion-flex-justify-content-flex-start fusion-content-layout-column\"><div class=\"fusion-title title fusion-title-2 fusion-sep-none fusion-title-text fusion-title-size-two\" style=\"--awb-margin-bottom:20px;\"><h2 class=\"fusion-title-heading title-heading-left fusion-responsive-typography-calculated\" style=\"margin:0;text-transform:uppercase;--fontSize:30;line-height:1.3;\">Maak uw keuze<\/h2><\/div><div class=\"fusion-text fusion-text-2 fusion-text-no-margin\" style=\"--awb-margin-bottom:30px;\"><p>Afhankelijk van wat u wilt en hoe u uw vakantie het liefst doorbrengt, kies \u00e9\u00e9n van de 3 accommodatiemogelijkheden die Ch\u00e2teau de Martragny biedt.<\/p>\n<\/div><\/div><\/div><\/div><\/div><div class=\"fusion-fullwidth fullwidth-box fusion-builder-row-3 fusion-flex-container has-pattern-background has-mask-background page__rubriques nonhundred-percent-fullwidth non-hundred-percent-height-scrolling\" style=\"--awb-border-radius-top-left:0px;--awb-border-radius-top-right:0px;--awb-border-radius-bottom-right:0px;--awb-border-radius-bottom-left:0px;--awb-margin-top:0px;--awb-margin-bottom:150px;--awb-margin-bottom-small:50px;--awb-flex-wrap:wrap;\" ><div class=\"fusion-builder-row fusion-row fusion-flex-align-items-flex-start fusion-flex-justify-content-center fusion-flex-content-wrap\" style=\"max-width:calc( 1160px + 16px );margin-left: calc(-16px \/ 2 );margin-right: calc(-16px \/ 2 );\"><article class=\"fusion-layout-column fusion_builder_column fusion-builder-column-3 fusion_builder_column_1_4 1_4 fusion-flex-column rubrique__item fusion-column-inner-bg-wrapper\" style=\"--awb-inner-bg-color:rgba(0,0,0,0.4);--awb-inner-bg-color-hover:rgba(0,0,0,0.5);--awb-inner-bg-position:center center;--awb-inner-bg-blend:color-dodge;--awb-inner-bg-size:cover;--awb-width-large:25%;--awb-margin-top-large:0px;--awb-spacing-right-large:8px;--awb-margin-bottom-large:0px;--awb-spacing-left-large:8px;--awb-width-medium:100%;--awb-order-medium:0;--awb-spacing-right-medium:8px;--awb-spacing-left-medium:8px;--awb-width-small:100%;--awb-order-small:0;--awb-spacing-right-small:8px;--awb-spacing-left-small:8px;\" data-scroll-devices=\"small-visibility,medium-visibility,large-visibility\"><span class=\"fusion-column-inner-bg hover-type-none\"><a class=\"fusion-column-anchor\" href=\"https:\/\/www.chateau-martragny.com\/nl\/accommodatie\/locaties\/\"><span class=\"fusion-column-inner-bg-image lazyload\" data-bg=\"https:\/\/www.chateau-martragny.com\/wp-content\/uploads\/Chateau-de-Martragny-les-emplacements@2x.jpg\"><\/span><\/a><\/span><div class=\"fusion-column-wrapper fusion-column-has-shadow fusion-flex-justify-content-center fusion-content-layout-column fusion-column-has-bg-image\" data-bg-url=\"https:\/\/www.chateau-martragny.com\/wp-content\/uploads\/Chateau-de-Martragny-les-emplacements@2x.jpg\"><div class=\"fusion-title title fusion-title-3 fusion-sep-none fusion-title-center fusion-title-text fusion-title-size-three\"><h3 class=\"fusion-title-heading title-heading-center fusion-responsive-typography-calculated\" style=\"margin:0;--fontSize:25;--minFontSize:25;line-height:1.56;\">KAMPEER PLAATSEN<\/h3><\/div><\/div><\/article><article class=\"fusion-layout-column fusion_builder_column fusion-builder-column-4 fusion_builder_column_1_4 1_4 fusion-flex-column rubrique__item fusion-column-inner-bg-wrapper\" style=\"--awb-inner-bg-color:rgba(0,0,0,0.4);--awb-inner-bg-color-hover:rgba(0,0,0,0.5);--awb-inner-bg-position:center center;--awb-inner-bg-blend:color-dodge;--awb-inner-bg-size:cover;--awb-width-large:25%;--awb-margin-top-large:0px;--awb-spacing-right-large:8px;--awb-margin-bottom-large:0px;--awb-spacing-left-large:8px;--awb-width-medium:100%;--awb-order-medium:0;--awb-spacing-right-medium:8px;--awb-spacing-left-medium:8px;--awb-width-small:100%;--awb-order-small:0;--awb-spacing-right-small:8px;--awb-spacing-left-small:8px;\" data-scroll-devices=\"small-visibility,medium-visibility,large-visibility\"><span class=\"fusion-column-inner-bg hover-type-none\"><a class=\"fusion-column-anchor\" href=\"https:\/\/www.chateau-martragny.com\/nl\/accommodatie\/logies-en-ontbijt\/\"><span class=\"fusion-column-inner-bg-image lazyload\" data-bg=\"https:\/\/www.chateau-martragny.com\/wp-content\/uploads\/Page-Hebergement-Bloc-grise-Texte-en-blanc-Chambres-dhotes-Photo-n\u00b02-scaled.jpg\"><\/span><\/a><\/span><div class=\"fusion-column-wrapper fusion-column-has-shadow fusion-flex-justify-content-center fusion-content-layout-column fusion-column-has-bg-image\" data-bg-url=\"https:\/\/www.chateau-martragny.com\/wp-content\/uploads\/Page-Hebergement-Bloc-grise-Texte-en-blanc-Chambres-dhotes-Photo-n\u00b02-scaled.jpg\"><div class=\"fusion-title title fusion-title-4 fusion-sep-none fusion-title-center fusion-title-text fusion-title-size-three\"><h3 class=\"fusion-title-heading title-heading-center fusion-responsive-typography-calculated\" style=\"margin:0;--fontSize:25;--minFontSize:25;line-height:1.32;\">GASTENKAMERS<\/h3><\/div><\/div><\/article><article class=\"fusion-layout-column fusion_builder_column fusion-builder-column-5 fusion_builder_column_1_4 1_4 fusion-flex-column rubrique__item fusion-column-inner-bg-wrapper\" style=\"--awb-inner-bg-color:rgba(0,0,0,0.4);--awb-inner-bg-color-hover:rgba(0,0,0,0.5);--awb-inner-bg-position:center center;--awb-inner-bg-blend:color-dodge;--awb-inner-bg-size:cover;--awb-width-large:25%;--awb-margin-top-large:0px;--awb-spacing-right-large:8px;--awb-margin-bottom-large:0px;--awb-spacing-left-large:8px;--awb-width-medium:100%;--awb-order-medium:0;--awb-spacing-right-medium:8px;--awb-spacing-left-medium:8px;--awb-width-small:100%;--awb-order-small:0;--awb-spacing-right-small:8px;--awb-spacing-left-small:8px;\" data-scroll-devices=\"small-visibility,medium-visibility,large-visibility\"><span class=\"fusion-column-inner-bg hover-type-none\"><a class=\"fusion-column-anchor\" href=\"https:\/\/www.chateau-martragny.com\/nl\/accommodatie\/gites\/\"><span class=\"fusion-column-inner-bg-image lazyload\" data-bg=\"https:\/\/www.chateau-martragny.com\/wp-content\/uploads\/Chateau-de-Martragny-gites@2x.jpg\"><\/span><\/a><\/span><div class=\"fusion-column-wrapper fusion-column-has-shadow fusion-flex-justify-content-center fusion-content-layout-column fusion-column-has-bg-image\" data-bg-url=\"https:\/\/www.chateau-martragny.com\/wp-content\/uploads\/Chateau-de-Martragny-gites@2x.jpg\"><div class=\"fusion-title title fusion-title-5 fusion-sep-none fusion-title-center fusion-title-text fusion-title-size-three\"><h3 class=\"fusion-title-heading title-heading-center fusion-responsive-typography-calculated\" style=\"margin:0;--fontSize:25;--minFontSize:25;line-height:1.56;\">VAKANTIE HUISJES<\/h3><\/div><\/div><\/article><\/div><\/div><\/p>\n","protected":false},"excerpt":{"rendered":"","protected":false},"author":3483,"featured_media":0,"parent":0,"menu_order":0,"comment_status":"closed","ping_status":"closed","template":"100-width.php","meta":{"inline_featured_image":false,"_monsterinsights_skip_tracking":false,"_monsterinsights_sitenote_active":false,"_monsterinsights_sitenote_note":"","_monsterinsights_sitenote_category":0,"footnotes":""},"class_list":["post-8444","page","type-page","status-publish","hentry"],"yoast_head":"<!-- This site is optimized with the Yoast SEO plugin v25.7 - https:\/\/yoast.com\/wordpress\/plugins\/seo\/ -->\n<title>Accommodaties - Camping Martragny<\/title>\n<meta name=\"robots\" content=\"index, follow, max-snippet:-1, max-image-preview:large, max-video-preview:-1\" \/>\n<link rel=\"canonical\" href=\"https:\/\/www.chateau-martragny.com\/nl\/accommodatie\/\" \/>\n<meta property=\"og:locale\" content=\"nl_NL\" \/>\n<meta property=\"og:type\" content=\"article\" \/>\n<meta property=\"og:title\" content=\"Accommodaties - Camping Martragny\" \/>\n<meta property=\"og:url\" content=\"https:\/\/www.chateau-martragny.com\/nl\/accommodatie\/\" \/>\n<meta property=\"og:site_name\" content=\"Camping Martragny\" \/>\n<meta property=\"article:modified_time\" content=\"2025-02-11T14:53:37+00:00\" \/>\n<meta name=\"twitter:card\" content=\"summary_large_image\" \/>\n<meta name=\"twitter:label1\" content=\"Geschatte leestijd\" \/>\n\t<meta name=\"twitter:data1\" content=\"1 minuut\" \/>\n<script type=\"application\/ld+json\" class=\"yoast-schema-graph\">{\"@context\":\"https:\/\/schema.org\",\"@graph\":[{\"@type\":\"WebPage\",\"@id\":\"https:\/\/www.chateau-martragny.com\/nl\/accommodatie\/\",\"url\":\"https:\/\/www.chateau-martragny.com\/nl\/accommodatie\/\",\"name\":\"Accommodaties - Camping Martragny\",\"isPartOf\":{\"@id\":\"https:\/\/www.chateau-martragny.com\/#website\"},\"datePublished\":\"2025-01-23T16:23:47+00:00\",\"dateModified\":\"2025-02-11T14:53:37+00:00\",\"breadcrumb\":{\"@id\":\"https:\/\/www.chateau-martragny.com\/nl\/accommodatie\/#breadcrumb\"},\"inLanguage\":\"nl-NL\",\"potentialAction\":[{\"@type\":\"ReadAction\",\"target\":[\"https:\/\/www.chateau-martragny.com\/nl\/accommodatie\/\"]}]},{\"@type\":\"BreadcrumbList\",\"@id\":\"https:\/\/www.chateau-martragny.com\/nl\/accommodatie\/#breadcrumb\",\"itemListElement\":[{\"@type\":\"ListItem\",\"position\":1,\"name\":\"Home\",\"item\":\"https:\/\/www.chateau-martragny.com\/nl\/\"},{\"@type\":\"ListItem\",\"position\":2,\"name\":\"Accommodaties\"}]},{\"@type\":\"WebSite\",\"@id\":\"https:\/\/www.chateau-martragny.com\/#website\",\"url\":\"https:\/\/www.chateau-martragny.com\/\",\"name\":\"Camping Martragny\",\"description\":\"Camping 4 \u00e9toiles en Normandie\",\"potentialAction\":[{\"@type\":\"SearchAction\",\"target\":{\"@type\":\"EntryPoint\",\"urlTemplate\":\"https:\/\/www.chateau-martragny.com\/?s={search_term_string}\"},\"query-input\":{\"@type\":\"PropertyValueSpecification\",\"valueRequired\":true,\"valueName\":\"search_term_string\"}}],\"inLanguage\":\"nl-NL\"}]}<\/script>\n<!-- \/ Yoast SEO plugin. -->","yoast_head_json":{"title":"Accommodaties - Camping Martragny","robots":{"index":"index","follow":"follow","max-snippet":"max-snippet:-1","max-image-preview":"max-image-preview:large","max-video-preview":"max-video-preview:-1"},"canonical":"https:\/\/www.chateau-martragny.com\/nl\/accommodatie\/","og_locale":"nl_NL","og_type":"article","og_title":"Accommodaties - Camping Martragny","og_url":"https:\/\/www.chateau-martragny.com\/nl\/accommodatie\/","og_site_name":"Camping Martragny","article_modified_time":"2025-02-11T14:53:37+00:00","twitter_card":"summary_large_image","twitter_misc":{"Geschatte leestijd":"1 minuut"},"schema":{"@context":"https:\/\/schema.org","@graph":[{"@type":"WebPage","@id":"https:\/\/www.chateau-martragny.com\/nl\/accommodatie\/","url":"https:\/\/www.chateau-martragny.com\/nl\/accommodatie\/","name":"Accommodaties - Camping Martragny","isPartOf":{"@id":"https:\/\/www.chateau-martragny.com\/#website"},"datePublished":"2025-01-23T16:23:47+00:00","dateModified":"2025-02-11T14:53:37+00:00","breadcrumb":{"@id":"https:\/\/www.chateau-martragny.com\/nl\/accommodatie\/#breadcrumb"},"inLanguage":"nl-NL","potentialAction":[{"@type":"ReadAction","target":["https:\/\/www.chateau-martragny.com\/nl\/accommodatie\/"]}]},{"@type":"BreadcrumbList","@id":"https:\/\/www.chateau-martragny.com\/nl\/accommodatie\/#breadcrumb","itemListElement":[{"@type":"ListItem","position":1,"name":"Home","item":"https:\/\/www.chateau-martragny.com\/nl\/"},{"@type":"ListItem","position":2,"name":"Accommodaties"}]},{"@type":"WebSite","@id":"https:\/\/www.chateau-martragny.com\/#website","url":"https:\/\/www.chateau-martragny.com\/","name":"Camping Martragny","description":"Camping 4 \u00e9toiles en Normandie","potentialAction":[{"@type":"SearchAction","target":{"@type":"EntryPoint","urlTemplate":"https:\/\/www.chateau-martragny.com\/?s={search_term_string}"},"query-input":{"@type":"PropertyValueSpecification","valueRequired":true,"valueName":"search_term_string"}}],"inLanguage":"nl-NL"}]}},"jetpack_sharing_enabled":true,"_links":{"self":[{"href":"https:\/\/www.chateau-martragny.com\/nl\/wp-json\/wp\/v2\/pages\/8444","targetHints":{"allow":["GET"]}}],"collection":[{"href":"https:\/\/www.chateau-martragny.com\/nl\/wp-json\/wp\/v2\/pages"}],"about":[{"href":"https:\/\/www.chateau-martragny.com\/nl\/wp-json\/wp\/v2\/types\/page"}],"author":[{"embeddable":true,"href":"https:\/\/www.chateau-martragny.com\/nl\/wp-json\/wp\/v2\/users\/3483"}],"replies":[{"embeddable":true,"href":"https:\/\/www.chateau-martragny.com\/nl\/wp-json\/wp\/v2\/comments?post=8444"}],"version-history":[{"count":7,"href":"https:\/\/www.chateau-martragny.com\/nl\/wp-json\/wp\/v2\/pages\/8444\/revisions"}],"predecessor-version":[{"id":9206,"href":"https:\/\/www.chateau-martragny.com\/nl\/wp-json\/wp\/v2\/pages\/8444\/revisions\/9206"}],"wp:attachment":[{"href":"https:\/\/www.chateau-martragny.com\/nl\/wp-json\/wp\/v2\/media?parent=8444"}],"curies":[{"name":"wp","href":"https:\/\/api.w.org\/{rel}","templated":true}]}}